{"id":1190,"date":"2022-11-10T11:07:58","date_gmt":"2022-11-10T10:07:58","guid":{"rendered":"https:\/\/ph.bugesweb.eu\/press\/"},"modified":"2022-12-19T11:05:39","modified_gmt":"2022-12-19T10:05:39","slug":"press","status":"publish","type":"page","link":"https:\/\/www.plaveckyhrad.eu\/en\/press\/","title":{"rendered":"Press"},"content":{"rendered":"\n  <div class=\"banner has-hover\" id=\"banner-2080909146\">\n          <div class=\"banner-inner fill\">\n        <div class=\"banner-bg fill\" >\n            <div class=\"bg fill bg-fill \"><\/div>\n                        <div class=\"overlay\"><\/div>            \n                    <\/div>\n\t\t\n        <div class=\"banner-layers container\">\n            <div class=\"fill banner-link\"><\/div>            \n   <div id=\"text-box-2081294727\" class=\"text-box banner-layer x50 md-x50 lg-x50 y50 md-y50 lg-y50 res-text\">\n                                <div class=\"text-box-content text dark\">\n              \n              <div class=\"text-inner text-center\">\n                  \n\t<div id=\"text-2439725024\" class=\"text\">\n\t\t\n<h1>Press<\/h1>\n\t\t\n<style>\n#text-2439725024 {\n  font-size: 0.75rem;\n}\n<\/style>\n\t<\/div>\n\t\n              <\/div>\n           <\/div>\n                            \n<style>\n#text-box-2081294727 {\n  width: 83%;\n}\n#text-box-2081294727 .text-box-content {\n  font-size: 100%;\n}\n<\/style>\n    <\/div>\n \n        <\/div>\n      <\/div>\n\n            \n<style>\n#banner-2080909146 {\n  padding-top: 100%;\n}\n#banner-2080909146 .bg.bg-loaded {\n  background-image: url(https:\/\/www.plaveckyhrad.eu\/wp-content\/uploads\/Plavecky-hrad-rano.jpg);\n}\n#banner-2080909146 .overlay {\n  background-color: rgba(19, 19, 19, 0.157);\n}\n#banner-2080909146 .ux-shape-divider--top svg {\n  height: 150px;\n  --divider-top-width: 100%;\n}\n#banner-2080909146 .ux-shape-divider--bottom svg {\n  height: 150px;\n  --divider-width: 100%;\n}\n@media (min-width:550px) {\n  #banner-2080909146 {\n    padding-top: 35%;\n  }\n}\n<\/style>\n  <\/div>\n\n\n\t<section class=\"section\" id=\"section_1318213711\">\n\t\t<div class=\"bg section-bg fill bg-fill  bg-loaded\" >\n\n\t\t\t\n\t\t\t\n\t\t\t\n\n\t\t<\/div>\n\n\t\t\n\n\t\t<div class=\"section-content relative\">\n\t\t\t\n<div class=\"row\"  id=\"row-1843899403\">\n\n\t<div id=\"col-50264233\" class=\"col medium-6 small-12 large-6\"  >\n\t\t\t\t<div class=\"col-inner\"  >\n\t\t\t\n\t\t\t\n<h2>RTVS<\/h2>\n<p><a href=\"https:\/\/www.rtvs.sk\/televizia\/archiv\/14048\/9685\" target=\"_blank\" rel=\"noopener\">Plaveck\u00fd Castle<\/a><\/p>\n<h2>TA3<\/h2>\n<p><a href=\"https:\/\/www.ta3.com\/clanok\/89082\/uprostred-malokarpatskych-lesov-zachranuju-hrad-z-13-storocia\" target=\"_blank\" rel=\"noopener\">In the midst of the small Carpathian forests, the 13th century castle needs rescue<\/a><br \/><a href=\"https:\/\/www.ta3.com\/clanok\/84904\/studenti-zachranovali-klenot-zahoria-plavecky-hrad-starocia-chatra\" target=\"_blank\" rel=\"noopener\">Students rescued the jewel of Z\u00e1horie, Plaveck\u00fd Castle<\/a><\/p>\n<h2>YouTube<\/h2>\n<p><a href=\"https:\/\/www.youtube.com\/watch?v=5ueMxf_Tp_Q\" target=\"_blank\" rel=\"noopener\">Plaveck\u00fd Castle needs you!<\/a><br \/><a href=\"https:\/\/www.youtube.com\/watch?v=dvaf5jJbn8c\" target=\"_blank\" rel=\"noopener\">DJI MAVIC PRO FREE TIME \/\/ PLAVECK\u00dd CASTLE 4K<\/a><\/p>\n\t\t<\/div>\n\t\t\t\t\t<\/div>\n\n\t\n\n\t<div id=\"col-2002363600\" class=\"col medium-6 small-12 large-6\"  >\n\t\t\t\t<div class=\"col-inner\"  >\n\t\t\t\n\t\t\t\n\t<div class=\"img has-hover x md-x lg-x y md-y lg-y\" id=\"image_832462705\">\n\t\t\t\t\t\t\t\t<div class=\"img-inner dark\" >\n\t\t\t<img width=\"800\" height=\"533\" src=\"https:\/\/www.plaveckyhrad.eu\/wp-content\/uploads\/plavecky-hrad-v-mediach.jpeg\" class=\"attachment-original size-original\" alt=\"\" decoding=\"async\" loading=\"lazy\" srcset=\"https:\/\/www.plaveckyhrad.eu\/wp-content\/uploads\/plavecky-hrad-v-mediach.jpeg 800w, https:\/\/www.plaveckyhrad.eu\/wp-content\/uploads\/plavecky-hrad-v-mediach-300x200.jpeg 300w, https:\/\/www.plaveckyhrad.eu\/wp-content\/uploads\/plavecky-hrad-v-mediach-768x512.jpeg 768w\" sizes=\"(max-width: 800px) 100vw, 800px\" \/>\t\t\t\t\t\t\n\t\t\t\t\t<\/div>\n\t\t\t\t\t\t\t\t\n<style>\n#image_832462705 {\n  width: 100%;\n}\n<\/style>\n\t<\/div>\n\t\n\t\t<\/div>\n\t\t\t\t\t<\/div>\n\n\t\n<\/div>\n\t\t<\/div>\n\n\t\t\n<style>\n#section_1318213711 {\n  padding-top: 30px;\n  padding-bottom: 30px;\n}\n#section_1318213711 .ux-shape-divider--top svg {\n  height: 150px;\n  --divider-top-width: 100%;\n}\n#section_1318213711 .ux-shape-divider--bottom svg {\n  height: 150px;\n  --divider-width: 100%;\n}\n<\/style>\n\t<\/section>\n\t\n","protected":false},"excerpt":{"rendered":"","protected":false},"author":1,"featured_media":0,"parent":0,"menu_order":0,"comment_status":"closed","ping_status":"closed","template":"page-transparent-header.php","meta":[],"yoast_head":"<!-- This site is optimized with the Yoast SEO plugin v19.14 - https:\/\/yoast.com\/wordpress\/plugins\/seo\/ -->\n<title>Press - Plaveck\u00fd Hrad<\/title>\n<meta name=\"robots\" content=\"index, follow, max-snippet:-1, max-image-preview:large, max-video-preview:-1\" \/>\n<link rel=\"canonical\" href=\"https:\/\/www.plaveckyhrad.eu\/en\/press\/\" \/>\n<meta property=\"og:locale\" content=\"en_US\" \/>\n<meta property=\"og:type\" content=\"article\" \/>\n<meta property=\"og:title\" content=\"Press - Plaveck\u00fd Hrad\" \/>\n<meta property=\"og:url\" content=\"https:\/\/www.plaveckyhrad.eu\/en\/press\/\" \/>\n<meta property=\"og:site_name\" content=\"Plaveck\u00fd Hrad\" \/>\n<meta property=\"article:modified_time\" content=\"2022-12-19T10:05:39+00:00\" \/>\n<meta name=\"twitter:card\" content=\"summary_large_image\" \/>\n<script type=\"application\/ld+json\" class=\"yoast-schema-graph\">{\"@context\":\"https:\/\/schema.org\",\"@graph\":[{\"@type\":\"WebPage\",\"@id\":\"https:\/\/www.plaveckyhrad.eu\/en\/press\/\",\"url\":\"https:\/\/www.plaveckyhrad.eu\/en\/press\/\",\"name\":\"Press - Plaveck\u00fd Hrad\",\"isPartOf\":{\"@id\":\"https:\/\/www.plaveckyhrad.eu\/en\/#website\"},\"datePublished\":\"2022-11-10T10:07:58+00:00\",\"dateModified\":\"2022-12-19T10:05:39+00:00\",\"breadcrumb\":{\"@id\":\"https:\/\/www.plaveckyhrad.eu\/en\/press\/#breadcrumb\"},\"inLanguage\":\"en-US\",\"potentialAction\":[{\"@type\":\"ReadAction\",\"target\":[\"https:\/\/www.plaveckyhrad.eu\/en\/press\/\"]}]},{\"@type\":\"BreadcrumbList\",\"@id\":\"https:\/\/www.plaveckyhrad.eu\/en\/press\/#breadcrumb\",\"itemListElement\":[{\"@type\":\"ListItem\",\"position\":1,\"name\":\"Home\",\"item\":\"https:\/\/www.plaveckyhrad.eu\/en\/home\/\"},{\"@type\":\"ListItem\",\"position\":2,\"name\":\"Press\"}]},{\"@type\":\"WebSite\",\"@id\":\"https:\/\/www.plaveckyhrad.eu\/en\/#website\",\"url\":\"https:\/\/www.plaveckyhrad.eu\/en\/\",\"name\":\"Plaveck\u00fd Hrad\",\"description\":\"Pr\u00ed\u010fte si vychutna\u0165 kr\u00e1su a dedi\u010dstvo na Plaveckom hrade\",\"potentialAction\":[{\"@type\":\"SearchAction\",\"target\":{\"@type\":\"EntryPoint\",\"urlTemplate\":\"https:\/\/www.plaveckyhrad.eu\/en\/?s={search_term_string}\"},\"query-input\":\"required name=search_term_string\"}],\"inLanguage\":\"en-US\"}]}<\/script>\n<!-- \/ Yoast SEO plugin. -->","yoast_head_json":{"title":"Press - Plaveck\u00fd Hrad","robots":{"index":"index","follow":"follow","max-snippet":"max-snippet:-1","max-image-preview":"max-image-preview:large","max-video-preview":"max-video-preview:-1"},"canonical":"https:\/\/www.plaveckyhrad.eu\/en\/press\/","og_locale":"en_US","og_type":"article","og_title":"Press - Plaveck\u00fd Hrad","og_url":"https:\/\/www.plaveckyhrad.eu\/en\/press\/","og_site_name":"Plaveck\u00fd Hrad","article_modified_time":"2022-12-19T10:05:39+00:00","twitter_card":"summary_large_image","schema":{"@context":"https:\/\/schema.org","@graph":[{"@type":"WebPage","@id":"https:\/\/www.plaveckyhrad.eu\/en\/press\/","url":"https:\/\/www.plaveckyhrad.eu\/en\/press\/","name":"Press - Plaveck\u00fd Hrad","isPartOf":{"@id":"https:\/\/www.plaveckyhrad.eu\/en\/#website"},"datePublished":"2022-11-10T10:07:58+00:00","dateModified":"2022-12-19T10:05:39+00:00","breadcrumb":{"@id":"https:\/\/www.plaveckyhrad.eu\/en\/press\/#breadcrumb"},"inLanguage":"en-US","potentialAction":[{"@type":"ReadAction","target":["https:\/\/www.plaveckyhrad.eu\/en\/press\/"]}]},{"@type":"BreadcrumbList","@id":"https:\/\/www.plaveckyhrad.eu\/en\/press\/#breadcrumb","itemListElement":[{"@type":"ListItem","position":1,"name":"Home","item":"https:\/\/www.plaveckyhrad.eu\/en\/home\/"},{"@type":"ListItem","position":2,"name":"Press"}]},{"@type":"WebSite","@id":"https:\/\/www.plaveckyhrad.eu\/en\/#website","url":"https:\/\/www.plaveckyhrad.eu\/en\/","name":"Plaveck\u00fd Hrad","description":"Pr\u00ed\u010fte si vychutna\u0165 kr\u00e1su a dedi\u010dstvo na Plaveckom hrade","potentialAction":[{"@type":"SearchAction","target":{"@type":"EntryPoint","urlTemplate":"https:\/\/www.plaveckyhrad.eu\/en\/?s={search_term_string}"},"query-input":"required name=search_term_string"}],"inLanguage":"en-US"}]}},"_links":{"self":[{"href":"https:\/\/www.plaveckyhrad.eu\/en\/wp-json\/wp\/v2\/pages\/1190"}],"collection":[{"href":"https:\/\/www.plaveckyhrad.eu\/en\/wp-json\/wp\/v2\/pages"}],"about":[{"href":"https:\/\/www.plaveckyhrad.eu\/en\/wp-json\/wp\/v2\/types\/page"}],"author":[{"embeddable":true,"href":"https:\/\/www.plaveckyhrad.eu\/en\/wp-json\/wp\/v2\/users\/1"}],"replies":[{"embeddable":true,"href":"https:\/\/www.plaveckyhrad.eu\/en\/wp-json\/wp\/v2\/comments?post=1190"}],"version-history":[{"count":10,"href":"https:\/\/www.plaveckyhrad.eu\/en\/wp-json\/wp\/v2\/pages\/1190\/revisions"}],"predecessor-version":[{"id":1693,"href":"https:\/\/www.plaveckyhrad.eu\/en\/wp-json\/wp\/v2\/pages\/1190\/revisions\/1693"}],"wp:attachment":[{"href":"https:\/\/www.plaveckyhrad.eu\/en\/wp-json\/wp\/v2\/media?parent=1190"}],"curies":[{"name":"wp","href":"https:\/\/api.w.org\/{rel}","templated":true}]}}