{"id":1198,"date":"2022-11-10T11:18:23","date_gmt":"2022-11-10T10:18:23","guid":{"rendered":"https:\/\/ph.bugesweb.eu\/visit\/surrounding-area\/"},"modified":"2022-12-19T11:05:43","modified_gmt":"2022-12-19T10:05:43","slug":"surrounding-area","status":"publish","type":"page","link":"https:\/\/www.plaveckyhrad.eu\/en\/visit\/surrounding-area\/","title":{"rendered":"Surrounding area"},"content":{"rendered":"\n  <div class=\"banner has-hover\" id=\"banner-1525452075\">\n          <div class=\"banner-inner fill\">\n        <div class=\"banner-bg fill\" >\n            <div class=\"bg fill bg-fill \"><\/div>\n                        <div class=\"overlay\"><\/div>            \n                    <\/div>\n\t\t\n        <div class=\"banner-layers container\">\n            <div class=\"fill banner-link\"><\/div>            \n   <div id=\"text-box-1853975858\" class=\"text-box banner-layer x50 md-x50 lg-x50 y50 md-y50 lg-y50 res-text\">\n                                <div class=\"text-box-content text dark\">\n              \n              <div class=\"text-inner text-center\">\n                  \n\t<div id=\"text-2380800089\" class=\"text\">\n\t\t\n<h1>Surrounding area<\/h1>\n\t\t\n<style>\n#text-2380800089 {\n  font-size: 0.75rem;\n}\n<\/style>\n\t<\/div>\n\t\n              <\/div>\n           <\/div>\n                            \n<style>\n#text-box-1853975858 {\n  width: 83%;\n}\n#text-box-1853975858 .text-box-content {\n  font-size: 100%;\n}\n<\/style>\n    <\/div>\n \n        <\/div>\n      <\/div>\n\n            \n<style>\n#banner-1525452075 {\n  padding-top: 100%;\n}\n#banner-1525452075 .bg.bg-loaded {\n  background-image: url(https:\/\/www.plaveckyhrad.eu\/wp-content\/uploads\/Plavecky-hrad-okolie-hradu-1.jpg);\n}\n#banner-1525452075 .overlay {\n  background-color: rgba(19, 19, 19, 0.419);\n}\n#banner-1525452075 .ux-shape-divider--top svg {\n  height: 150px;\n  --divider-top-width: 100%;\n}\n#banner-1525452075 .ux-shape-divider--bottom svg {\n  height: 150px;\n  --divider-width: 100%;\n}\n@media (min-width:550px) {\n  #banner-1525452075 {\n    padding-top: 35%;\n  }\n}\n<\/style>\n  <\/div>\n\n\n\t<section class=\"section\" id=\"section_1134712182\">\n\t\t<div class=\"bg section-bg fill bg-fill  bg-loaded\" >\n\n\t\t\t\n\t\t\t\n\t\t\t\n\n\t\t<\/div>\n\n\t\t\n\n\t\t<div class=\"section-content relative\">\n\t\t\t\n<div class=\"row\"  id=\"row-32279754\">\n\n\t<div id=\"col-1088161710\" class=\"col small-12 large-12\"  >\n\t\t\t\t<div class=\"col-inner\"  >\n\t\t\t\n\t\t\t\n<h2 style=\"text-align: center;\">Surrounding area<\/h2>\n<div class=\"row\"  id=\"row-419915992\">\n\n\t<div id=\"col-1106541014\" class=\"col medium-6 small-12 large-6\"  >\n\t\t\t\t<div class=\"col-inner\"  >\n\t\t\t\n\t\t\t\n<h2>Celtic Oppidum &#8211; Pohansk\u00e1<\/h2>\n<p>Directly opposite the castle, there is a hill with the remains of a Latenian hill fort called \u201cPohansk\u00e1\u201d. The beginning of the settlements on the hill date back to the late Bronze Age, the peak of its existence is represented by a Celtic hill fort from the 2nd century BC. At that time, a massive wall fort was created, the remains of which still surround the upper part of the hill.<\/p>\n\t\t<\/div>\n\t\t\t\t\t<\/div>\n\n\t\n\n\t<div id=\"col-1784450911\" class=\"col medium-6 small-12 large-6\"  >\n\t\t\t\t<div class=\"col-inner\"  >\n\t\t\t\n\t\t\t\n\t<div class=\"img has-hover x md-x lg-x y md-y lg-y\" id=\"image_1529942969\">\n\t\t<a class=\"image-lightbox lightbox-gallery\" title=\"\" href=\"https:\/\/www.plaveckyhrad.eu\/wp-content\/uploads\/IMG_7248.jpeg\">\t\t\t\t\t\t<div class=\"img-inner image-cover dark\" style=\"padding-top:75%;\">\n\t\t\t<img width=\"800\" height=\"533\" src=\"https:\/\/www.plaveckyhrad.eu\/wp-content\/uploads\/IMG_7248.jpeg\" class=\"attachment-original size-original\" alt=\"\" decoding=\"async\" loading=\"lazy\" srcset=\"https:\/\/www.plaveckyhrad.eu\/wp-content\/uploads\/IMG_7248.jpeg 800w, https:\/\/www.plaveckyhrad.eu\/wp-content\/uploads\/IMG_7248-300x200.jpeg 300w, https:\/\/www.plaveckyhrad.eu\/wp-content\/uploads\/IMG_7248-768x512.jpeg 768w\" sizes=\"(max-width: 800px) 100vw, 800px\" \/>\t\t\t\t\t\t\n\t\t\t\t\t<\/div>\n\t\t\t\t\t\t<\/a>\t\t\n<style>\n#image_1529942969 {\n  width: 100%;\n}\n<\/style>\n\t<\/div>\n\t\n\t\t<\/div>\n\t\t\t\t\t<\/div>\n\n\t\n<\/div>\n<div class=\"row\"  id=\"row-427987751\">\n\n\t<div id=\"col-751083624\" class=\"col medium-6 small-12 large-6\"  >\n\t\t\t\t<div class=\"col-inner\"  >\n\t\t\t\n\t\t\t\n<h2>Monastery in Plaveck\u00e9 Podhradie<\/h2>\n<p>The southern hillsides of Pohansk\u00e1, just above the village, the remains of a church from the middle ages are hidden at the edge of the forest. The outside walls of the naves remain from the structure, with remnants of the baroque portal and most of the gothic Presbyterium.<\/p>\n\t\t<\/div>\n\t\t\t\t\t<\/div>\n\n\t\n\n\t<div id=\"col-663157658\" class=\"col medium-6 small-12 large-6\"  >\n\t\t\t\t<div class=\"col-inner\"  >\n\t\t\t\n\t\t\t\n\t<div class=\"img has-hover x md-x lg-x y md-y lg-y\" id=\"image_96847787\">\n\t\t<a class=\"image-lightbox lightbox-gallery\" title=\"\" href=\"https:\/\/www.plaveckyhrad.eu\/wp-content\/uploads\/plavecke-podhradie-kostol.jpeg\">\t\t\t\t\t\t<div class=\"img-inner image-cover dark\" style=\"padding-top:75%;\">\n\t\t\t<img width=\"800\" height=\"533\" src=\"https:\/\/www.plaveckyhrad.eu\/wp-content\/uploads\/plavecke-podhradie-kostol.jpeg\" class=\"attachment-original size-original\" alt=\"\" decoding=\"async\" loading=\"lazy\" srcset=\"https:\/\/www.plaveckyhrad.eu\/wp-content\/uploads\/plavecke-podhradie-kostol.jpeg 800w, https:\/\/www.plaveckyhrad.eu\/wp-content\/uploads\/plavecke-podhradie-kostol-300x200.jpeg 300w, https:\/\/www.plaveckyhrad.eu\/wp-content\/uploads\/plavecke-podhradie-kostol-768x512.jpeg 768w\" sizes=\"(max-width: 800px) 100vw, 800px\" \/>\t\t\t\t\t\t\n\t\t\t\t\t<\/div>\n\t\t\t\t\t\t<\/a>\t\t\n<style>\n#image_96847787 {\n  width: 100%;\n}\n<\/style>\n\t<\/div>\n\t\n\t\t<\/div>\n\t\t\t\t\t<\/div>\n\n\t\n<\/div>\n<div class=\"row\"  id=\"row-371770924\">\n\n\t<div id=\"col-1414483042\" class=\"col medium-6 small-12 large-6\"  >\n\t\t\t\t<div class=\"col-inner\"  >\n\t\t\t\n\t\t\t\n<h2>National Natural Reserve Pohansk\u00e1<\/h2>\n<p>In the area around the castle is the National Natural Reserve Pohansk\u00e1, spreading along the hillsides of the castle hill, Pohansk\u00e1 and Skalka. It is rich in diverse plant life (allium flavum, allium ursinum, pulsatilla grandis) and wildlife (Saker Falcon, Common Kestrel, Eagle Owl, Anguis Fragilis, Aesculapian snake and several kinds of lizards).<\/p>\n\t\t<\/div>\n\t\t\t\t\t<\/div>\n\n\t\n\n\t<div id=\"col-1810887420\" class=\"col medium-6 small-12 large-6\"  >\n\t\t\t\t<div class=\"col-inner\"  >\n\t\t\t\n\t\t\t\n\t<div class=\"img has-hover x md-x lg-x y md-y lg-y\" id=\"image_243932077\">\n\t\t<a class=\"image-lightbox lightbox-gallery\" title=\"\" href=\"https:\/\/www.plaveckyhrad.eu\/wp-content\/uploads\/plavecke-podhradie-kostol.jpeg\">\t\t\t\t\t\t<div class=\"img-inner image-cover dark\" style=\"padding-top:75%;\">\n\t\t\t<img width=\"800\" height=\"533\" src=\"https:\/\/www.plaveckyhrad.eu\/wp-content\/uploads\/plavecke-podhradie-kostol.jpeg\" class=\"attachment-original size-original\" alt=\"\" decoding=\"async\" loading=\"lazy\" srcset=\"https:\/\/www.plaveckyhrad.eu\/wp-content\/uploads\/plavecke-podhradie-kostol.jpeg 800w, https:\/\/www.plaveckyhrad.eu\/wp-content\/uploads\/plavecke-podhradie-kostol-300x200.jpeg 300w, https:\/\/www.plaveckyhrad.eu\/wp-content\/uploads\/plavecke-podhradie-kostol-768x512.jpeg 768w\" sizes=\"(max-width: 800px) 100vw, 800px\" \/>\t\t\t\t\t\t\n\t\t\t\t\t<\/div>\n\t\t\t\t\t\t<\/a>\t\t\n<style>\n#image_243932077 {\n  width: 100%;\n}\n<\/style>\n\t<\/div>\n\t\n\t\t<\/div>\n\t\t\t\t\t<\/div>\n\n\t\n<\/div>\n<div class=\"row\"  id=\"row-1629807374\">\n\n\t<div id=\"col-752305801\" class=\"col medium-6 small-12 large-6\"  >\n\t\t\t\t<div class=\"col-inner\"  >\n\t\t\t\n\t\t\t\n<h2>Plaveck\u00e1 cave<\/h2>\n<p>The northern part of the castle hill hides the entry to the Plaveck\u00e1 cave. Its history dates back to 1790, when it was discovered by an unknown shepherd, later in 1815, its first map was created and in 1885, its description. It was the first publicly accessible cave that the tenants of the P\u00e1llfy estate also used for storage. The cave is several hundred meters long. Currently, 717 meters are mapped and it is presumed that it is 850 meters long in total. Prior to the First World War, it was made accessible by order of count P\u00e1llfy but today, it is closed to the public. It is a significant biotope for numerous colonies of bats.<\/p>\n\t\t<\/div>\n\t\t\t\t\t<\/div>\n\n\t\n\n\t<div id=\"col-1017772324\" class=\"col medium-6 small-12 large-6\"  >\n\t\t\t\t<div class=\"col-inner\"  >\n\t\t\t\n\t\t\t\n\t<div class=\"img has-hover x md-x lg-x y md-y lg-y\" id=\"image_1292176033\">\n\t\t<a class=\"image-lightbox lightbox-gallery\" title=\"\" href=\"https:\/\/www.plaveckyhrad.eu\/wp-content\/uploads\/Plavecke-podhradie-cave.jpeg\">\t\t\t\t\t\t<div class=\"img-inner image-cover dark\" style=\"padding-top:75%;\">\n\t\t\t<img width=\"800\" height=\"533\" src=\"https:\/\/www.plaveckyhrad.eu\/wp-content\/uploads\/Plavecke-podhradie-cave.jpeg\" class=\"attachment-original size-original\" alt=\"\" decoding=\"async\" loading=\"lazy\" srcset=\"https:\/\/www.plaveckyhrad.eu\/wp-content\/uploads\/Plavecke-podhradie-cave.jpeg 800w, https:\/\/www.plaveckyhrad.eu\/wp-content\/uploads\/Plavecke-podhradie-cave-300x200.jpeg 300w, https:\/\/www.plaveckyhrad.eu\/wp-content\/uploads\/Plavecke-podhradie-cave-768x512.jpeg 768w\" sizes=\"(max-width: 800px) 100vw, 800px\" \/>\t\t\t\t\t\t\n\t\t\t\t\t<\/div>\n\t\t\t\t\t\t<\/a>\t\t\n<style>\n#image_1292176033 {\n  width: 100%;\n}\n<\/style>\n\t<\/div>\n\t\n\t\t<\/div>\n\t\t\t\t\t<\/div>\n\n\t\n<\/div>\n\t\t<\/div>\n\t\t\t\t\t<\/div>\n\n\t\n<\/div>\n\t\t<\/div>\n\n\t\t\n<style>\n#section_1134712182 {\n  padding-top: 30px;\n  padding-bottom: 30px;\n}\n#section_1134712182 .ux-shape-divider--top svg {\n  height: 150px;\n  --divider-top-width: 100%;\n}\n#section_1134712182 .ux-shape-divider--bottom svg {\n  height: 150px;\n  --divider-width: 100%;\n}\n<\/style>\n\t<\/section>\n\t\n","protected":false},"excerpt":{"rendered":"","protected":false},"author":1,"featured_media":0,"parent":1194,"menu_order":0,"comment_status":"closed","ping_status":"closed","template":"page-transparent-header.php","meta":[],"yoast_head":"<!-- This site is optimized with the Yoast SEO plugin v19.14 - https:\/\/yoast.com\/wordpress\/plugins\/seo\/ -->\n<title>Surrounding area - Plaveck\u00fd Hrad<\/title>\n<meta name=\"robots\" content=\"index, follow, max-snippet:-1, max-image-preview:large, max-video-preview:-1\" \/>\n<link rel=\"canonical\" href=\"https:\/\/www.plaveckyhrad.eu\/en\/visit\/surrounding-area\/\" \/>\n<meta property=\"og:locale\" content=\"en_US\" \/>\n<meta property=\"og:type\" content=\"article\" \/>\n<meta property=\"og:title\" content=\"Surrounding area - Plaveck\u00fd Hrad\" \/>\n<meta property=\"og:url\" content=\"https:\/\/www.plaveckyhrad.eu\/en\/visit\/surrounding-area\/\" \/>\n<meta property=\"og:site_name\" content=\"Plaveck\u00fd Hrad\" \/>\n<meta property=\"article:modified_time\" content=\"2022-12-19T10:05:43+00:00\" \/>\n<meta name=\"twitter:card\" content=\"summary_large_image\" \/>\n<meta name=\"twitter:label1\" content=\"Est. reading time\" \/>\n\t<meta name=\"twitter:data1\" content=\"2 minutes\" \/>\n<script type=\"application\/ld+json\" class=\"yoast-schema-graph\">{\"@context\":\"https:\/\/schema.org\",\"@graph\":[{\"@type\":\"WebPage\",\"@id\":\"https:\/\/www.plaveckyhrad.eu\/en\/visit\/surrounding-area\/\",\"url\":\"https:\/\/www.plaveckyhrad.eu\/en\/visit\/surrounding-area\/\",\"name\":\"Surrounding area - Plaveck\u00fd Hrad\",\"isPartOf\":{\"@id\":\"https:\/\/www.plaveckyhrad.eu\/en\/#website\"},\"datePublished\":\"2022-11-10T10:18:23+00:00\",\"dateModified\":\"2022-12-19T10:05:43+00:00\",\"breadcrumb\":{\"@id\":\"https:\/\/www.plaveckyhrad.eu\/en\/visit\/surrounding-area\/#breadcrumb\"},\"inLanguage\":\"en-US\",\"potentialAction\":[{\"@type\":\"ReadAction\",\"target\":[\"https:\/\/www.plaveckyhrad.eu\/en\/visit\/surrounding-area\/\"]}]},{\"@type\":\"BreadcrumbList\",\"@id\":\"https:\/\/www.plaveckyhrad.eu\/en\/visit\/surrounding-area\/#breadcrumb\",\"itemListElement\":[{\"@type\":\"ListItem\",\"position\":1,\"name\":\"Home\",\"item\":\"https:\/\/www.plaveckyhrad.eu\/en\/home\/\"},{\"@type\":\"ListItem\",\"position\":2,\"name\":\"Visit\",\"item\":\"https:\/\/www.plaveckyhrad.eu\/en\/visit\/\"},{\"@type\":\"ListItem\",\"position\":3,\"name\":\"Surrounding area\"}]},{\"@type\":\"WebSite\",\"@id\":\"https:\/\/www.plaveckyhrad.eu\/en\/#website\",\"url\":\"https:\/\/www.plaveckyhrad.eu\/en\/\",\"name\":\"Plaveck\u00fd Hrad\",\"description\":\"Pr\u00ed\u010fte si vychutna\u0165 kr\u00e1su a dedi\u010dstvo na Plaveckom hrade\",\"potentialAction\":[{\"@type\":\"SearchAction\",\"target\":{\"@type\":\"EntryPoint\",\"urlTemplate\":\"https:\/\/www.plaveckyhrad.eu\/en\/?s={search_term_string}\"},\"query-input\":\"required name=search_term_string\"}],\"inLanguage\":\"en-US\"}]}<\/script>\n<!-- \/ Yoast SEO plugin. -->","yoast_head_json":{"title":"Surrounding area - Plaveck\u00fd Hrad","robots":{"index":"index","follow":"follow","max-snippet":"max-snippet:-1","max-image-preview":"max-image-preview:large","max-video-preview":"max-video-preview:-1"},"canonical":"https:\/\/www.plaveckyhrad.eu\/en\/visit\/surrounding-area\/","og_locale":"en_US","og_type":"article","og_title":"Surrounding area - Plaveck\u00fd Hrad","og_url":"https:\/\/www.plaveckyhrad.eu\/en\/visit\/surrounding-area\/","og_site_name":"Plaveck\u00fd Hrad","article_modified_time":"2022-12-19T10:05:43+00:00","twitter_card":"summary_large_image","twitter_misc":{"Est. reading time":"2 minutes"},"schema":{"@context":"https:\/\/schema.org","@graph":[{"@type":"WebPage","@id":"https:\/\/www.plaveckyhrad.eu\/en\/visit\/surrounding-area\/","url":"https:\/\/www.plaveckyhrad.eu\/en\/visit\/surrounding-area\/","name":"Surrounding area - Plaveck\u00fd Hrad","isPartOf":{"@id":"https:\/\/www.plaveckyhrad.eu\/en\/#website"},"datePublished":"2022-11-10T10:18:23+00:00","dateModified":"2022-12-19T10:05:43+00:00","breadcrumb":{"@id":"https:\/\/www.plaveckyhrad.eu\/en\/visit\/surrounding-area\/#breadcrumb"},"inLanguage":"en-US","potentialAction":[{"@type":"ReadAction","target":["https:\/\/www.plaveckyhrad.eu\/en\/visit\/surrounding-area\/"]}]},{"@type":"BreadcrumbList","@id":"https:\/\/www.plaveckyhrad.eu\/en\/visit\/surrounding-area\/#breadcrumb","itemListElement":[{"@type":"ListItem","position":1,"name":"Home","item":"https:\/\/www.plaveckyhrad.eu\/en\/home\/"},{"@type":"ListItem","position":2,"name":"Visit","item":"https:\/\/www.plaveckyhrad.eu\/en\/visit\/"},{"@type":"ListItem","position":3,"name":"Surrounding area"}]},{"@type":"WebSite","@id":"https:\/\/www.plaveckyhrad.eu\/en\/#website","url":"https:\/\/www.plaveckyhrad.eu\/en\/","name":"Plaveck\u00fd Hrad","description":"Pr\u00ed\u010fte si vychutna\u0165 kr\u00e1su a dedi\u010dstvo na Plaveckom hrade","potentialAction":[{"@type":"SearchAction","target":{"@type":"EntryPoint","urlTemplate":"https:\/\/www.plaveckyhrad.eu\/en\/?s={search_term_string}"},"query-input":"required name=search_term_string"}],"inLanguage":"en-US"}]}},"_links":{"self":[{"href":"https:\/\/www.plaveckyhrad.eu\/en\/wp-json\/wp\/v2\/pages\/1198"}],"collection":[{"href":"https:\/\/www.plaveckyhrad.eu\/en\/wp-json\/wp\/v2\/pages"}],"about":[{"href":"https:\/\/www.plaveckyhrad.eu\/en\/wp-json\/wp\/v2\/types\/page"}],"author":[{"embeddable":true,"href":"https:\/\/www.plaveckyhrad.eu\/en\/wp-json\/wp\/v2\/users\/1"}],"replies":[{"embeddable":true,"href":"https:\/\/www.plaveckyhrad.eu\/en\/wp-json\/wp\/v2\/comments?post=1198"}],"version-history":[{"count":10,"href":"https:\/\/www.plaveckyhrad.eu\/en\/wp-json\/wp\/v2\/pages\/1198\/revisions"}],"predecessor-version":[{"id":1702,"href":"https:\/\/www.plaveckyhrad.eu\/en\/wp-json\/wp\/v2\/pages\/1198\/revisions\/1702"}],"up":[{"embeddable":true,"href":"https:\/\/www.plaveckyhrad.eu\/en\/wp-json\/wp\/v2\/pages\/1194"}],"wp:attachment":[{"href":"https:\/\/www.plaveckyhrad.eu\/en\/wp-json\/wp\/v2\/media?parent=1198"}],"curies":[{"name":"wp","href":"https:\/\/api.w.org\/{rel}","templated":true}]}}