{"id":1202,"date":"2022-11-10T11:18:03","date_gmt":"2022-11-10T10:18:03","guid":{"rendered":"https:\/\/ph.bugesweb.eu\/visit\/location-and-access\/"},"modified":"2022-12-19T11:05:44","modified_gmt":"2022-12-19T10:05:44","slug":"location-and-access","status":"publish","type":"page","link":"https:\/\/www.plaveckyhrad.eu\/en\/visit\/location-and-access\/","title":{"rendered":"Location and access"},"content":{"rendered":"\n  <div class=\"banner has-hover\" id=\"banner-982233879\">\n          <div class=\"banner-inner fill\">\n        <div class=\"banner-bg fill\" >\n            <div class=\"bg fill bg-fill \"><\/div>\n                        <div class=\"overlay\"><\/div>            \n                    <\/div>\n\t\t\n        <div class=\"banner-layers container\">\n            <div class=\"fill banner-link\"><\/div>            \n   <div id=\"text-box-608712612\" class=\"text-box banner-layer x50 md-x50 lg-x50 y50 md-y50 lg-y50 res-text\">\n                                <div class=\"text-box-content text dark\">\n              \n              <div class=\"text-inner text-center\">\n                  \n\t<div id=\"text-1878152813\" class=\"text\">\n\t\t\n<h1>Location and access<\/h1>\n\t\t\n<style>\n#text-1878152813 {\n  font-size: 0.75rem;\n}\n<\/style>\n\t<\/div>\n\t\n              <\/div>\n           <\/div>\n                            \n<style>\n#text-box-608712612 {\n  width: 83%;\n}\n#text-box-608712612 .text-box-content {\n  font-size: 100%;\n}\n<\/style>\n    <\/div>\n \n        <\/div>\n      <\/div>\n\n            \n<style>\n#banner-982233879 {\n  padding-top: 100%;\n}\n#banner-982233879 .bg.bg-loaded {\n  background-image: url(https:\/\/www.plaveckyhrad.eu\/wp-content\/uploads\/Plavecky-hrad-pozadie-cez-den.jpg);\n}\n#banner-982233879 .overlay {\n  background-color: rgba(19, 19, 19, 0.157);\n}\n#banner-982233879 .bg {\n  background-position: 46% 34%;\n}\n#banner-982233879 .ux-shape-divider--top svg {\n  height: 150px;\n  --divider-top-width: 100%;\n}\n#banner-982233879 .ux-shape-divider--bottom svg {\n  height: 150px;\n  --divider-width: 100%;\n}\n@media (min-width:550px) {\n  #banner-982233879 {\n    padding-top: 35%;\n  }\n}\n<\/style>\n  <\/div>\n\n\n\t<section class=\"section\" id=\"section_1468311254\">\n\t\t<div class=\"bg section-bg fill bg-fill  bg-loaded\" >\n\n\t\t\t\n\t\t\t\n\t\t\t\n\n\t\t<\/div>\n\n\t\t\n\n\t\t<div class=\"section-content relative\">\n\t\t\t\n<div class=\"row\"  id=\"row-822449510\">\n\n\t<div id=\"col-1573568600\" class=\"col small-12 large-12\"  >\n\t\t\t\t<div class=\"col-inner\"  >\n\t\t\t\n\t\t\t\n<h2 style=\"text-align: center;\">Location and access<\/h2>\n<p>The castle stands above the village of Plaveck\u00e9 Podhradie, situated some 20 kilometers to the east of Malacky, directly on main road 501 Lozorno \u2013 Jablonica. The ascend to the castle from the village takes about 30 minutes. Access is provided by a tourist path marked blue, winding through the forest of the Pohansk\u00e1 hillside towards the saddle to the south of the castle. From there, the ascend continues to the Amon meadow, around the former P\u00e1lffy hunting lodge Monrepos and further to Kloko\u010d hill, where a sign points directly to the castle. The tourist path marked blue leads further to the foothill of Poh\u00e1nska, from where you can climb up to the top of the hill and its hill fort. In the saddle, to the left of the path, we can see the remains of a rectangular structure, apparently part of the castle structures.<\/p>\n\n<p><iframe src=\"https:\/\/www.google.com\/maps\/embed?pb=!1m14!1m8!1m3!1d11553.350372285597!2d17.271603733801395!3d48.4946378817655!3m2!1i1024!2i768!4f13.1!3m3!1m2!1s0x476cb91067bf08f3%3A0x1a18c4463285972b!2sPlaveck%C3%BD%20hrad!5e1!3m2!1ssk!2ssk!4v1668165753397!5m2!1ssk!2ssk\" width=\"1080\" height=\"450\" style=\"border:0;\" allowfullscreen=\"\" loading=\"lazy\" referrerpolicy=\"no-referrer-when-downgrade\"><\/iframe><br \/>\n\n\t\t<\/div>\n\t\t\t\t\t<\/div>\n\n\t\n<\/div>\n\t\t<\/div>\n\n\t\t\n<style>\n#section_1468311254 {\n  padding-top: 30px;\n  padding-bottom: 30px;\n}\n#section_1468311254 .ux-shape-divider--top svg {\n  height: 150px;\n  --divider-top-width: 100%;\n}\n#section_1468311254 .ux-shape-divider--bottom svg {\n  height: 150px;\n  --divider-width: 100%;\n}\n<\/style>\n\t<\/section>\n\t\n","protected":false},"excerpt":{"rendered":"","protected":false},"author":1,"featured_media":0,"parent":1194,"menu_order":0,"comment_status":"closed","ping_status":"closed","template":"page-transparent-header.php","meta":[],"yoast_head":"<!-- This site is optimized with the Yoast SEO plugin v19.14 - https:\/\/yoast.com\/wordpress\/plugins\/seo\/ -->\n<title>Location and access - Plaveck\u00fd Hrad<\/title>\n<meta name=\"robots\" content=\"index, follow, max-snippet:-1, max-image-preview:large, max-video-preview:-1\" \/>\n<link rel=\"canonical\" href=\"https:\/\/www.plaveckyhrad.eu\/en\/visit\/location-and-access\/\" \/>\n<meta property=\"og:locale\" content=\"en_US\" \/>\n<meta property=\"og:type\" content=\"article\" \/>\n<meta property=\"og:title\" content=\"Location and access - Plaveck\u00fd Hrad\" \/>\n<meta property=\"og:url\" content=\"https:\/\/www.plaveckyhrad.eu\/en\/visit\/location-and-access\/\" \/>\n<meta property=\"og:site_name\" content=\"Plaveck\u00fd Hrad\" \/>\n<meta property=\"article:modified_time\" content=\"2022-12-19T10:05:44+00:00\" \/>\n<meta name=\"twitter:card\" content=\"summary_large_image\" \/>\n<meta name=\"twitter:label1\" content=\"Est. reading time\" \/>\n\t<meta name=\"twitter:data1\" content=\"1 minute\" \/>\n<script type=\"application\/ld+json\" class=\"yoast-schema-graph\">{\"@context\":\"https:\/\/schema.org\",\"@graph\":[{\"@type\":\"WebPage\",\"@id\":\"https:\/\/www.plaveckyhrad.eu\/en\/visit\/location-and-access\/\",\"url\":\"https:\/\/www.plaveckyhrad.eu\/en\/visit\/location-and-access\/\",\"name\":\"Location and access - Plaveck\u00fd Hrad\",\"isPartOf\":{\"@id\":\"https:\/\/www.plaveckyhrad.eu\/en\/#website\"},\"datePublished\":\"2022-11-10T10:18:03+00:00\",\"dateModified\":\"2022-12-19T10:05:44+00:00\",\"breadcrumb\":{\"@id\":\"https:\/\/www.plaveckyhrad.eu\/en\/visit\/location-and-access\/#breadcrumb\"},\"inLanguage\":\"en-US\",\"potentialAction\":[{\"@type\":\"ReadAction\",\"target\":[\"https:\/\/www.plaveckyhrad.eu\/en\/visit\/location-and-access\/\"]}]},{\"@type\":\"BreadcrumbList\",\"@id\":\"https:\/\/www.plaveckyhrad.eu\/en\/visit\/location-and-access\/#breadcrumb\",\"itemListElement\":[{\"@type\":\"ListItem\",\"position\":1,\"name\":\"Home\",\"item\":\"https:\/\/www.plaveckyhrad.eu\/en\/home\/\"},{\"@type\":\"ListItem\",\"position\":2,\"name\":\"Visit\",\"item\":\"https:\/\/www.plaveckyhrad.eu\/en\/visit\/\"},{\"@type\":\"ListItem\",\"position\":3,\"name\":\"Location and access\"}]},{\"@type\":\"WebSite\",\"@id\":\"https:\/\/www.plaveckyhrad.eu\/en\/#website\",\"url\":\"https:\/\/www.plaveckyhrad.eu\/en\/\",\"name\":\"Plaveck\u00fd Hrad\",\"description\":\"Pr\u00ed\u010fte si vychutna\u0165 kr\u00e1su a dedi\u010dstvo na Plaveckom hrade\",\"potentialAction\":[{\"@type\":\"SearchAction\",\"target\":{\"@type\":\"EntryPoint\",\"urlTemplate\":\"https:\/\/www.plaveckyhrad.eu\/en\/?s={search_term_string}\"},\"query-input\":\"required name=search_term_string\"}],\"inLanguage\":\"en-US\"}]}<\/script>\n<!-- \/ Yoast SEO plugin. -->","yoast_head_json":{"title":"Location and access - Plaveck\u00fd Hrad","robots":{"index":"index","follow":"follow","max-snippet":"max-snippet:-1","max-image-preview":"max-image-preview:large","max-video-preview":"max-video-preview:-1"},"canonical":"https:\/\/www.plaveckyhrad.eu\/en\/visit\/location-and-access\/","og_locale":"en_US","og_type":"article","og_title":"Location and access - Plaveck\u00fd Hrad","og_url":"https:\/\/www.plaveckyhrad.eu\/en\/visit\/location-and-access\/","og_site_name":"Plaveck\u00fd Hrad","article_modified_time":"2022-12-19T10:05:44+00:00","twitter_card":"summary_large_image","twitter_misc":{"Est. reading time":"1 minute"},"schema":{"@context":"https:\/\/schema.org","@graph":[{"@type":"WebPage","@id":"https:\/\/www.plaveckyhrad.eu\/en\/visit\/location-and-access\/","url":"https:\/\/www.plaveckyhrad.eu\/en\/visit\/location-and-access\/","name":"Location and access - Plaveck\u00fd Hrad","isPartOf":{"@id":"https:\/\/www.plaveckyhrad.eu\/en\/#website"},"datePublished":"2022-11-10T10:18:03+00:00","dateModified":"2022-12-19T10:05:44+00:00","breadcrumb":{"@id":"https:\/\/www.plaveckyhrad.eu\/en\/visit\/location-and-access\/#breadcrumb"},"inLanguage":"en-US","potentialAction":[{"@type":"ReadAction","target":["https:\/\/www.plaveckyhrad.eu\/en\/visit\/location-and-access\/"]}]},{"@type":"BreadcrumbList","@id":"https:\/\/www.plaveckyhrad.eu\/en\/visit\/location-and-access\/#breadcrumb","itemListElement":[{"@type":"ListItem","position":1,"name":"Home","item":"https:\/\/www.plaveckyhrad.eu\/en\/home\/"},{"@type":"ListItem","position":2,"name":"Visit","item":"https:\/\/www.plaveckyhrad.eu\/en\/visit\/"},{"@type":"ListItem","position":3,"name":"Location and access"}]},{"@type":"WebSite","@id":"https:\/\/www.plaveckyhrad.eu\/en\/#website","url":"https:\/\/www.plaveckyhrad.eu\/en\/","name":"Plaveck\u00fd Hrad","description":"Pr\u00ed\u010fte si vychutna\u0165 kr\u00e1su a dedi\u010dstvo na Plaveckom hrade","potentialAction":[{"@type":"SearchAction","target":{"@type":"EntryPoint","urlTemplate":"https:\/\/www.plaveckyhrad.eu\/en\/?s={search_term_string}"},"query-input":"required name=search_term_string"}],"inLanguage":"en-US"}]}},"_links":{"self":[{"href":"https:\/\/www.plaveckyhrad.eu\/en\/wp-json\/wp\/v2\/pages\/1202"}],"collection":[{"href":"https:\/\/www.plaveckyhrad.eu\/en\/wp-json\/wp\/v2\/pages"}],"about":[{"href":"https:\/\/www.plaveckyhrad.eu\/en\/wp-json\/wp\/v2\/types\/page"}],"author":[{"embeddable":true,"href":"https:\/\/www.plaveckyhrad.eu\/en\/wp-json\/wp\/v2\/users\/1"}],"replies":[{"embeddable":true,"href":"https:\/\/www.plaveckyhrad.eu\/en\/wp-json\/wp\/v2\/comments?post=1202"}],"version-history":[{"count":10,"href":"https:\/\/www.plaveckyhrad.eu\/en\/wp-json\/wp\/v2\/pages\/1202\/revisions"}],"predecessor-version":[{"id":1706,"href":"https:\/\/www.plaveckyhrad.eu\/en\/wp-json\/wp\/v2\/pages\/1202\/revisions\/1706"}],"up":[{"embeddable":true,"href":"https:\/\/www.plaveckyhrad.eu\/en\/wp-json\/wp\/v2\/pages\/1194"}],"wp:attachment":[{"href":"https:\/\/www.plaveckyhrad.eu\/en\/wp-json\/wp\/v2\/media?parent=1202"}],"curies":[{"name":"wp","href":"https:\/\/api.w.org\/{rel}","templated":true}]}}