{"id":1214,"date":"2022-11-10T11:19:49","date_gmt":"2022-11-10T10:19:49","guid":{"rendered":"https:\/\/ph.bugesweb.eu\/visit\/view\/southern-castle-outwork\/"},"modified":"2023-01-11T14:50:33","modified_gmt":"2023-01-11T13:50:33","slug":"southern-castle-outwork","status":"publish","type":"page","link":"https:\/\/www.plaveckyhrad.eu\/en\/visit\/view\/southern-castle-outwork\/","title":{"rendered":"Southern castle outwork"},"content":{"rendered":"\n  <div class=\"banner has-hover\" id=\"banner-2080899052\">\n          <div class=\"banner-inner fill\">\n        <div class=\"banner-bg fill\" >\n            <div class=\"bg fill bg-fill \"><\/div>\n                        <div class=\"overlay\"><\/div>            \n                    <\/div>\n\t\t\n        <div class=\"banner-layers container\">\n            <div class=\"fill banner-link\"><\/div>            \n   <div id=\"text-box-1162634337\" class=\"text-box banner-layer x50 md-x50 lg-x50 y50 md-y50 lg-y50 res-text\">\n                                <div class=\"text-box-content text dark\">\n              \n              <div class=\"text-inner text-center\">\n                  \n\t<div id=\"text-2197441602\" class=\"text\">\n\t\t\n<h1>View<\/h1>\n\t\t\n<style>\n#text-2197441602 {\n  font-size: 0.75rem;\n}\n<\/style>\n\t<\/div>\n\t\n              <\/div>\n           <\/div>\n                            \n<style>\n#text-box-1162634337 {\n  width: 83%;\n}\n#text-box-1162634337 .text-box-content {\n  font-size: 100%;\n}\n<\/style>\n    <\/div>\n \n        <\/div>\n      <\/div>\n\n            \n<style>\n#banner-2080899052 {\n  padding-top: 100%;\n}\n#banner-2080899052 .bg.bg-loaded {\n  background-image: url(https:\/\/www.plaveckyhrad.eu\/wp-content\/uploads\/Plavecky-hrad-pozadie-cez-den.jpg);\n}\n#banner-2080899052 .overlay {\n  background-color: rgba(19, 19, 19, 0.157);\n}\n#banner-2080899052 .bg {\n  background-position: 45% 34%;\n}\n#banner-2080899052 .ux-shape-divider--top svg {\n  height: 150px;\n  --divider-top-width: 100%;\n}\n#banner-2080899052 .ux-shape-divider--bottom svg {\n  height: 150px;\n  --divider-width: 100%;\n}\n@media (min-width:550px) {\n  #banner-2080899052 {\n    padding-top: 35%;\n  }\n}\n<\/style>\n  <\/div>\n\n\n\t<section class=\"section\" id=\"section_1475818596\">\n\t\t<div class=\"bg section-bg fill bg-fill  bg-loaded\" >\n\n\t\t\t\n\t\t\t\n\t\t\t\n\n\t\t<\/div>\n\n\t\t\n\n\t\t<div class=\"section-content relative\">\n\t\t\t\n<p class=\"lead shortcode-error text-center\">Sorry, no pages was found<\/p>\n  \n    <div class=\"row large-columns-4 medium-columns-3 small-columns-2 row-collapse row-full-width\">\n  <\/div>\n\t\t<\/div>\n\n\t\t\n<style>\n#section_1475818596 {\n  padding-top: 15px;\n  padding-bottom: 15px;\n  background-color: rgb(246, 246, 246);\n}\n#section_1475818596 .ux-shape-divider--top svg {\n  height: 150px;\n  --divider-top-width: 100%;\n}\n#section_1475818596 .ux-shape-divider--bottom svg {\n  height: 150px;\n  --divider-width: 100%;\n}\n<\/style>\n\t<\/section>\n\t\n\t<section class=\"section\" id=\"section_356414869\">\n\t\t<div class=\"bg section-bg fill bg-fill  bg-loaded\" >\n\n\t\t\t\n\t\t\t\n\t\t\t\n\n\t\t<\/div>\n\n\t\t\n\n\t\t<div class=\"section-content relative\">\n\t\t\t\n<div class=\"row\"  id=\"row-1670337257\">\n\n\t<div id=\"col-1033330880\" class=\"col small-12 large-12\"  >\n\t\t\t\t<div class=\"col-inner\"  >\n\t\t\t\n\t\t\t\n<h2 style=\"text-align: center;\">Southern castle outwork<\/h2>\n<p>We are entering the yard of the southern outwork through the gate; to the right, the yard is lined by a well preserved wall (10). On the inside, it contained an extended wooden walkway providing access to the shooting positions on the wall crown. Along the fortification, we cross the yard to the eastern wall (9), standing in its original height, protected by two defense lines of shooting positions. Two shooting positions of the lower line would guard the area directly in front of the wall and the third, pointing to the side, defended the place where the corner turret connected to the wall (11).<\/p>\n<p>The upper defense line, originally accessed by a wooden walkway is densely populated by simple narrow shooting positions for hand-held arms. In the corner of the yard, we find the entry to the corner turret (11) and above it, the barely visible remains of a drawing of the castle, engraved into the plaster.<\/p>\n<div class=\"row\"  id=\"row-350406748\">\n\n\t<div id=\"col-1585474892\" class=\"col medium-6 small-12 large-6\"  >\n\t\t\t\t<div class=\"col-inner\"  >\n\t\t\t\n\t\t\t\n<h2>Sketch of the drawing carved into the plaster above the entry to the corner turret<\/h2>\n<ol style=\"list-style-type: lower-alpha;\">\n<li>battlement<\/li>\n<li>bay window<\/li>\n<li>presumed tower<\/li>\n<\/ol>\n\t\t<\/div>\n\t\t\t\t\t<\/div>\n\n\t\n\n\t<div id=\"col-622247258\" class=\"col medium-6 small-12 large-6\"  >\n\t\t\t\t<div class=\"col-inner\"  >\n\t\t\t\n\t\t\t\n\t<div class=\"img has-hover x md-x lg-x y md-y lg-y\" id=\"image_938521798\">\n\t\t<a class=\"image-lightbox lightbox-gallery\" title=\"\" href=\"https:\/\/www.plaveckyhrad.eu\/wp-content\/uploads\/Nacrt-kresby-vytesany-do-omietky-nad-vstupom-do-rohovej-veze-cimburie-okno-predpokladana-veza.jpeg\">\t\t\t\t\t\t<div class=\"img-inner dark\" >\n\t\t\t<img width=\"532\" height=\"299\" src=\"https:\/\/www.plaveckyhrad.eu\/wp-content\/uploads\/Nacrt-kresby-vytesany-do-omietky-nad-vstupom-do-rohovej-veze-cimburie-okno-predpokladana-veza.jpeg\" class=\"attachment-original size-original\" alt=\"\" decoding=\"async\" loading=\"lazy\" srcset=\"https:\/\/www.plaveckyhrad.eu\/wp-content\/uploads\/Nacrt-kresby-vytesany-do-omietky-nad-vstupom-do-rohovej-veze-cimburie-okno-predpokladana-veza.jpeg 532w, https:\/\/www.plaveckyhrad.eu\/wp-content\/uploads\/Nacrt-kresby-vytesany-do-omietky-nad-vstupom-do-rohovej-veze-cimburie-okno-predpokladana-veza-300x169.jpeg 300w\" sizes=\"(max-width: 532px) 100vw, 532px\" \/>\t\t\t\t\t\t\n\t\t\t\t\t<\/div>\n\t\t\t\t\t\t<\/a>\t\t\n<style>\n#image_938521798 {\n  width: 100%;\n}\n<\/style>\n\t<\/div>\n\t\n<p style=\"text-align: center;\">Sketch of the drawing carved into the plaster above the entry to the corner turret<\/p>\n\t\t<\/div>\n\t\t\t\t\t<\/div>\n\n\t\n<\/div>\n<p>The defense turret is equipped with shooting positions on two levels. The lower chamber shooting positions for cannons provided their firepower to cover the access road to the castle, the smaller shooting positions on the upper level were built for lighter arms. After returning to the yard, we can see that the turret entry is embedded into an older portal, possibly the remains of a gate from the middle ages.<\/p>\n<p>In the yard, we can also see an interesting view of the southern face of the upper castle. It is dominated by a massive horse shoe shaped cannon turret (18), protruding into the yard of the castle outwork.<\/p>\n<p>The cannon shooting positions with a straight stone cap widening outwards are placed approximately half way up on the turret and aim at the saddleback to the south of the castle, where possible danger of attack lurked. Above the left (south western) shooting position, we can see an opening in the wall, used to ventilate the smoke created by cannon fire. Above it, we see two additional lines of cannon shooting positions; the lower ones have been walled in, though (Picture 6).<\/p>\n<div class=\"row\"  id=\"row-1507213219\">\n\n\t<div id=\"col-325616736\" class=\"col medium-6 small-12 large-6\"  >\n\t\t\t\t<div class=\"col-inner\"  >\n\t\t\t\n\t\t\t\n\t<div class=\"img has-hover x md-x lg-x y md-y lg-y\" id=\"image_646920056\">\n\t\t<a class=\"image-lightbox lightbox-gallery\" title=\"\" href=\"https:\/\/www.plaveckyhrad.eu\/wp-content\/uploads\/Delova-basta-horneho-hrada.jpeg\">\t\t\t\t\t\t<div class=\"img-inner dark\" >\n\t\t\t<img width=\"1088\" height=\"873\" src=\"https:\/\/www.plaveckyhrad.eu\/wp-content\/uploads\/Delova-basta-horneho-hrada.jpeg\" class=\"attachment-original size-original\" alt=\"\" decoding=\"async\" loading=\"lazy\" srcset=\"https:\/\/www.plaveckyhrad.eu\/wp-content\/uploads\/Delova-basta-horneho-hrada.jpeg 1088w, https:\/\/www.plaveckyhrad.eu\/wp-content\/uploads\/Delova-basta-horneho-hrada-300x241.jpeg 300w, https:\/\/www.plaveckyhrad.eu\/wp-content\/uploads\/Delova-basta-horneho-hrada-1024x822.jpeg 1024w, https:\/\/www.plaveckyhrad.eu\/wp-content\/uploads\/Delova-basta-horneho-hrada-768x616.jpeg 768w\" sizes=\"(max-width: 1088px) 100vw, 1088px\" \/>\t\t\t\t\t\t\n\t\t\t\t\t<\/div>\n\t\t\t\t\t\t<\/a>\t\t\n<style>\n#image_646920056 {\n  width: 100%;\n}\n<\/style>\n\t<\/div>\n\t\n\t<div id=\"text-1453838039\" class=\"text\">\n\t\t\n<p>Picture 6 &#8211; Cannon turret of the upper castle<\/p>\n\t\t\n<style>\n#text-1453838039 {\n  text-align: center;\n}\n<\/style>\n\t<\/div>\n\t\n\t\t<\/div>\n\t\t\t\t\t<\/div>\n\n\t\n\n\t<div id=\"col-1165800019\" class=\"col medium-6 small-12 large-6\"  >\n\t\t\t\t<div class=\"col-inner\"  >\n\t\t\t\n\t\t\t\n<h2>Cannon turret of the upper castle<\/h2>\n<ol style=\"list-style-type: lower-alpha;\">\n<li>shooting position<\/li>\n<li>walled in shooting position<\/li>\n<li>ventilation channel<\/li>\n<li>cannon shooting position<\/li>\n<li>opening left behind after wooden scaffolding<\/li>\n<li>chamber shooting position for cannon<\/li>\n<li>shooting position opening<\/li>\n<li>ventilation channel<\/li>\n<\/ol>\n\t\t<\/div>\n\t\t\t\t\t<\/div>\n\n\t\n<\/div>\n<p>From the left, the turret is connected to the face wall of the upper castle (15), which contains remnants of the walled in crenels of the battlement (Picture 5).<\/p>\n<p>From the yard, we ascend along a restored stairway passing through the remains of the defense wall supporting the fortification of the face of the upper castle (12) and enter the interior of the cannon turret (18). As opposed to the rounded external shell, the interior space is pentagonal. After entering the turret, on the right side, we see a shooting position with a chamber for the cannon, above which is a ventilation channel evacuating the firing smoke outside of the turret (Picture 6).<\/p>\n<p>Just above the ground level, two more walled in shooting positions can be seen, equipped with ventilation channels. The ceiling above the story rests on massive beams, of which only the seats remain in the wall. Above them, the wall becomes significantly thinner and makes up the upper defense level.<\/p>\n<p>A narrow passage leading from the turret upwards is the route of the original access to the upper castle gate. A more observant visitor thinking themselves to be a real connoisseur of castle ruins can find the remains of walled in crenels of the Middle Ages battlement in the left hand side wall. Originally, the castle defenders used it to protect the narrow space in front of the gate of the upper castle.<\/p>\n<div class=\"row\"  id=\"row-622372953\">\n\n\t<div id=\"col-1921446562\" class=\"col medium-6 small-12 large-6\"  >\n\t\t\t\t<div class=\"col-inner\"  >\n\t\t\t\n\t\t\t\n\t<div class=\"img has-hover x md-x lg-x y md-y lg-y\" id=\"image_2014086886\">\n\t\t<a class=\"image-lightbox lightbox-gallery\" title=\"\" href=\"https:\/\/www.plaveckyhrad.eu\/wp-content\/uploads\/PH-Legend-archeology-1.png\">\t\t\t\t\t\t<div class=\"img-inner dark\" >\n\t\t\t<img width=\"1046\" height=\"810\" src=\"https:\/\/www.plaveckyhrad.eu\/wp-content\/uploads\/PH-Legend-archeology-1.png\" class=\"attachment-original size-original\" alt=\"\" decoding=\"async\" loading=\"lazy\" srcset=\"https:\/\/www.plaveckyhrad.eu\/wp-content\/uploads\/PH-Legend-archeology-1.png 1046w, https:\/\/www.plaveckyhrad.eu\/wp-content\/uploads\/PH-Legend-archeology-1-300x232.png 300w, https:\/\/www.plaveckyhrad.eu\/wp-content\/uploads\/PH-Legend-archeology-1-1024x793.png 1024w, https:\/\/www.plaveckyhrad.eu\/wp-content\/uploads\/PH-Legend-archeology-1-768x595.png 768w\" sizes=\"(max-width: 1046px) 100vw, 1046px\" \/>\t\t\t\t\t\t\n\t\t\t\t\t<\/div>\n\t\t\t\t\t\t<\/a>\t\t\n<style>\n#image_2014086886 {\n  width: 100%;\n}\n<\/style>\n\t<\/div>\n\t\n<p>1. Ante gate gate<br \/>2. Ante-gate turret<br \/>3. Ante-gate<br \/>4. Castle tower gate<br \/>5., 6. Western castle outwork walls<br \/>7. Housing building<br \/>8. Gate to the southern castle outwork<br \/>9., 10. Southern castle outwork walls<br \/>11. South eastern castle outwork cannon turret<br \/>12. Defensive wall of the upper castle<br \/>13. Upper castle entry gate<br \/>14., 15., 16. Upper castle walls<br \/>17. Upper castle eastern turret<br \/>18. Upper castle cannon turret<br \/>19. Housing tower<br \/>20. Agricultural structure<br \/>21. Housing building<br \/>22. Castle palace<br \/>23. Tower<br \/>24. Tower extension<br \/>25. Cistern<\/p>\n\t\t<\/div>\n\t\t\t\t\t<\/div>\n\n\t\n\n\t<div id=\"col-890349515\" class=\"col medium-6 small-12 large-6\"  >\n\t\t\t\t<div class=\"col-inner\"  >\n\t\t\t\n\t\t\t\n\t<div class=\"img has-hover x md-x lg-x y md-y lg-y\" id=\"image_953696039\">\n\t\t<a class=\"image-lightbox lightbox-gallery\" title=\"\" href=\"https:\/\/www.plaveckyhrad.eu\/wp-content\/uploads\/mapa-1.jpeg\">\t\t\t\t\t\t<div class=\"img-inner dark\" >\n\t\t\t<img width=\"856\" height=\"1551\" src=\"https:\/\/www.plaveckyhrad.eu\/wp-content\/uploads\/mapa-1.jpeg\" class=\"attachment-original size-original\" alt=\"\" decoding=\"async\" loading=\"lazy\" srcset=\"https:\/\/www.plaveckyhrad.eu\/wp-content\/uploads\/mapa-1.jpeg 856w, https:\/\/www.plaveckyhrad.eu\/wp-content\/uploads\/mapa-1-166x300.jpeg 166w, https:\/\/www.plaveckyhrad.eu\/wp-content\/uploads\/mapa-1-565x1024.jpeg 565w, https:\/\/www.plaveckyhrad.eu\/wp-content\/uploads\/mapa-1-768x1392.jpeg 768w, https:\/\/www.plaveckyhrad.eu\/wp-content\/uploads\/mapa-1-848x1536.jpeg 848w\" sizes=\"(max-width: 856px) 100vw, 856px\" \/>\t\t\t\t\t\t\n\t\t\t\t\t<\/div>\n\t\t\t\t\t\t<\/a>\t\t\n<style>\n#image_953696039 {\n  width: 100%;\n}\n<\/style>\n\t<\/div>\n\t\n\t\t<\/div>\n\t\t\t\t\t<\/div>\n\n\t\n<\/div>\n\t\t<\/div>\n\t\t\t\t\t<\/div>\n\n\t\n<\/div>\n<div class=\"row\"  id=\"row-228581844\">\n\n\t<div id=\"col-518800270\" class=\"col medium-6 small-12 large-6\"  >\n\t\t\t\t<div class=\"col-inner\"  >\n\t\t\t\n\t\t\t\n\t<div class=\"img has-hover x md-x lg-x y md-y lg-y\" id=\"image_922839740\">\n\t\t<a class=\"image-lightbox lightbox-gallery\" title=\"\" href=\"https:\/\/www.plaveckyhrad.eu\/wp-content\/uploads\/castle-Plavecky-hrad-1.jpeg\">\t\t\t\t\t\t<div class=\"img-inner dark\" >\n\t\t\t<img width=\"1537\" height=\"817\" src=\"https:\/\/www.plaveckyhrad.eu\/wp-content\/uploads\/castle-Plavecky-hrad-1.jpeg\" class=\"attachment-original size-original\" alt=\"\" decoding=\"async\" loading=\"lazy\" srcset=\"https:\/\/www.plaveckyhrad.eu\/wp-content\/uploads\/castle-Plavecky-hrad-1.jpeg 1537w, https:\/\/www.plaveckyhrad.eu\/wp-content\/uploads\/castle-Plavecky-hrad-1-300x159.jpeg 300w, https:\/\/www.plaveckyhrad.eu\/wp-content\/uploads\/castle-Plavecky-hrad-1-1024x544.jpeg 1024w, https:\/\/www.plaveckyhrad.eu\/wp-content\/uploads\/castle-Plavecky-hrad-1-768x408.jpeg 768w\" sizes=\"(max-width: 1537px) 100vw, 1537px\" \/>\t\t\t\t\t\t\n\t\t\t\t\t<\/div>\n\t\t\t\t\t\t<\/a>\t\t\n<style>\n#image_922839740 {\n  width: 100%;\n}\n<\/style>\n\t<\/div>\n\t\n\t\t<\/div>\n\t\t\t\t\t<\/div>\n\n\t\n\n\t<div id=\"col-120060499\" class=\"col medium-6 small-12 large-6\"  >\n\t\t\t\t<div class=\"col-inner\"  >\n\t\t\t\n\t\t\t\n\t<div class=\"img has-hover x md-x lg-x y md-y lg-y\" id=\"image_1737220715\">\n\t\t<a class=\"image-lightbox lightbox-gallery\" title=\"\" href=\"https:\/\/www.plaveckyhrad.eu\/wp-content\/uploads\/castle-Plavecky-hrad-2.jpeg\">\t\t\t\t\t\t<div class=\"img-inner dark\" >\n\t\t\t<img width=\"1549\" height=\"887\" src=\"https:\/\/www.plaveckyhrad.eu\/wp-content\/uploads\/castle-Plavecky-hrad-2.jpeg\" class=\"attachment-original size-original\" alt=\"\" decoding=\"async\" loading=\"lazy\" srcset=\"https:\/\/www.plaveckyhrad.eu\/wp-content\/uploads\/castle-Plavecky-hrad-2.jpeg 1549w, https:\/\/www.plaveckyhrad.eu\/wp-content\/uploads\/castle-Plavecky-hrad-2-300x172.jpeg 300w, https:\/\/www.plaveckyhrad.eu\/wp-content\/uploads\/castle-Plavecky-hrad-2-1024x586.jpeg 1024w, https:\/\/www.plaveckyhrad.eu\/wp-content\/uploads\/castle-Plavecky-hrad-2-768x440.jpeg 768w, https:\/\/www.plaveckyhrad.eu\/wp-content\/uploads\/castle-Plavecky-hrad-2-1536x880.jpeg 1536w\" sizes=\"(max-width: 1549px) 100vw, 1549px\" \/>\t\t\t\t\t\t\n\t\t\t\t\t<\/div>\n\t\t\t\t\t\t<\/a>\t\t\n<style>\n#image_1737220715 {\n  width: 100%;\n}\n<\/style>\n\t<\/div>\n\t\n\t\t<\/div>\n\t\t\t\t\t<\/div>\n\n\t\n<\/div>\n\t\t<\/div>\n\n\t\t\n<style>\n#section_356414869 {\n  padding-top: 30px;\n  padding-bottom: 30px;\n}\n#section_356414869 .ux-shape-divider--top svg {\n  height: 150px;\n  --divider-top-width: 100%;\n}\n#section_356414869 .ux-shape-divider--bottom svg {\n  height: 150px;\n  --divider-width: 100%;\n}\n<\/style>\n\t<\/section>\n\t\n","protected":false},"excerpt":{"rendered":"","protected":false},"author":1,"featured_media":0,"parent":1206,"menu_order":0,"comment_status":"closed","ping_status":"closed","template":"page-transparent-header.php","meta":[],"yoast_head":"<!-- This site is optimized with the Yoast SEO plugin v19.14 - https:\/\/yoast.com\/wordpress\/plugins\/seo\/ -->\n<title>Southern castle outwork - Plaveck\u00fd Hrad<\/title>\n<meta name=\"robots\" content=\"index, follow, max-snippet:-1, max-image-preview:large, max-video-preview:-1\" \/>\n<link rel=\"canonical\" href=\"https:\/\/www.plaveckyhrad.eu\/en\/visit\/view\/southern-castle-outwork\/\" \/>\n<meta property=\"og:locale\" content=\"en_US\" \/>\n<meta property=\"og:type\" content=\"article\" \/>\n<meta property=\"og:title\" content=\"Southern castle outwork - Plaveck\u00fd Hrad\" \/>\n<meta property=\"og:url\" content=\"https:\/\/www.plaveckyhrad.eu\/en\/visit\/view\/southern-castle-outwork\/\" \/>\n<meta property=\"og:site_name\" content=\"Plaveck\u00fd Hrad\" \/>\n<meta property=\"article:modified_time\" content=\"2023-01-11T13:50:33+00:00\" \/>\n<meta name=\"twitter:card\" content=\"summary_large_image\" \/>\n<meta name=\"twitter:label1\" content=\"Est. reading time\" \/>\n\t<meta name=\"twitter:data1\" content=\"5 minutes\" \/>\n<script type=\"application\/ld+json\" class=\"yoast-schema-graph\">{\"@context\":\"https:\/\/schema.org\",\"@graph\":[{\"@type\":\"WebPage\",\"@id\":\"https:\/\/www.plaveckyhrad.eu\/en\/visit\/view\/southern-castle-outwork\/\",\"url\":\"https:\/\/www.plaveckyhrad.eu\/en\/visit\/view\/southern-castle-outwork\/\",\"name\":\"Southern castle outwork - Plaveck\u00fd Hrad\",\"isPartOf\":{\"@id\":\"https:\/\/www.plaveckyhrad.eu\/en\/#website\"},\"datePublished\":\"2022-11-10T10:19:49+00:00\",\"dateModified\":\"2023-01-11T13:50:33+00:00\",\"breadcrumb\":{\"@id\":\"https:\/\/www.plaveckyhrad.eu\/en\/visit\/view\/southern-castle-outwork\/#breadcrumb\"},\"inLanguage\":\"en-US\",\"potentialAction\":[{\"@type\":\"ReadAction\",\"target\":[\"https:\/\/www.plaveckyhrad.eu\/en\/visit\/view\/southern-castle-outwork\/\"]}]},{\"@type\":\"BreadcrumbList\",\"@id\":\"https:\/\/www.plaveckyhrad.eu\/en\/visit\/view\/southern-castle-outwork\/#breadcrumb\",\"itemListElement\":[{\"@type\":\"ListItem\",\"position\":1,\"name\":\"Home\",\"item\":\"https:\/\/www.plaveckyhrad.eu\/en\/home\/\"},{\"@type\":\"ListItem\",\"position\":2,\"name\":\"Visit\",\"item\":\"https:\/\/www.plaveckyhrad.eu\/en\/visit\/\"},{\"@type\":\"ListItem\",\"position\":3,\"name\":\"View\",\"item\":\"https:\/\/www.plaveckyhrad.eu\/en\/visit\/view\/\"},{\"@type\":\"ListItem\",\"position\":4,\"name\":\"Southern castle outwork\"}]},{\"@type\":\"WebSite\",\"@id\":\"https:\/\/www.plaveckyhrad.eu\/en\/#website\",\"url\":\"https:\/\/www.plaveckyhrad.eu\/en\/\",\"name\":\"Plaveck\u00fd Hrad\",\"description\":\"Pr\u00ed\u010fte si vychutna\u0165 kr\u00e1su a dedi\u010dstvo na Plaveckom hrade\",\"potentialAction\":[{\"@type\":\"SearchAction\",\"target\":{\"@type\":\"EntryPoint\",\"urlTemplate\":\"https:\/\/www.plaveckyhrad.eu\/en\/?s={search_term_string}\"},\"query-input\":\"required name=search_term_string\"}],\"inLanguage\":\"en-US\"}]}<\/script>\n<!-- \/ Yoast SEO plugin. -->","yoast_head_json":{"title":"Southern castle outwork - Plaveck\u00fd Hrad","robots":{"index":"index","follow":"follow","max-snippet":"max-snippet:-1","max-image-preview":"max-image-preview:large","max-video-preview":"max-video-preview:-1"},"canonical":"https:\/\/www.plaveckyhrad.eu\/en\/visit\/view\/southern-castle-outwork\/","og_locale":"en_US","og_type":"article","og_title":"Southern castle outwork - Plaveck\u00fd Hrad","og_url":"https:\/\/www.plaveckyhrad.eu\/en\/visit\/view\/southern-castle-outwork\/","og_site_name":"Plaveck\u00fd Hrad","article_modified_time":"2023-01-11T13:50:33+00:00","twitter_card":"summary_large_image","twitter_misc":{"Est. reading time":"5 minutes"},"schema":{"@context":"https:\/\/schema.org","@graph":[{"@type":"WebPage","@id":"https:\/\/www.plaveckyhrad.eu\/en\/visit\/view\/southern-castle-outwork\/","url":"https:\/\/www.plaveckyhrad.eu\/en\/visit\/view\/southern-castle-outwork\/","name":"Southern castle outwork - Plaveck\u00fd Hrad","isPartOf":{"@id":"https:\/\/www.plaveckyhrad.eu\/en\/#website"},"datePublished":"2022-11-10T10:19:49+00:00","dateModified":"2023-01-11T13:50:33+00:00","breadcrumb":{"@id":"https:\/\/www.plaveckyhrad.eu\/en\/visit\/view\/southern-castle-outwork\/#breadcrumb"},"inLanguage":"en-US","potentialAction":[{"@type":"ReadAction","target":["https:\/\/www.plaveckyhrad.eu\/en\/visit\/view\/southern-castle-outwork\/"]}]},{"@type":"BreadcrumbList","@id":"https:\/\/www.plaveckyhrad.eu\/en\/visit\/view\/southern-castle-outwork\/#breadcrumb","itemListElement":[{"@type":"ListItem","position":1,"name":"Home","item":"https:\/\/www.plaveckyhrad.eu\/en\/home\/"},{"@type":"ListItem","position":2,"name":"Visit","item":"https:\/\/www.plaveckyhrad.eu\/en\/visit\/"},{"@type":"ListItem","position":3,"name":"View","item":"https:\/\/www.plaveckyhrad.eu\/en\/visit\/view\/"},{"@type":"ListItem","position":4,"name":"Southern castle outwork"}]},{"@type":"WebSite","@id":"https:\/\/www.plaveckyhrad.eu\/en\/#website","url":"https:\/\/www.plaveckyhrad.eu\/en\/","name":"Plaveck\u00fd Hrad","description":"Pr\u00ed\u010fte si vychutna\u0165 kr\u00e1su a dedi\u010dstvo na Plaveckom hrade","potentialAction":[{"@type":"SearchAction","target":{"@type":"EntryPoint","urlTemplate":"https:\/\/www.plaveckyhrad.eu\/en\/?s={search_term_string}"},"query-input":"required name=search_term_string"}],"inLanguage":"en-US"}]}},"_links":{"self":[{"href":"https:\/\/www.plaveckyhrad.eu\/en\/wp-json\/wp\/v2\/pages\/1214"}],"collection":[{"href":"https:\/\/www.plaveckyhrad.eu\/en\/wp-json\/wp\/v2\/pages"}],"about":[{"href":"https:\/\/www.plaveckyhrad.eu\/en\/wp-json\/wp\/v2\/types\/page"}],"author":[{"embeddable":true,"href":"https:\/\/www.plaveckyhrad.eu\/en\/wp-json\/wp\/v2\/users\/1"}],"replies":[{"embeddable":true,"href":"https:\/\/www.plaveckyhrad.eu\/en\/wp-json\/wp\/v2\/comments?post=1214"}],"version-history":[{"count":13,"href":"https:\/\/www.plaveckyhrad.eu\/en\/wp-json\/wp\/v2\/pages\/1214\/revisions"}],"predecessor-version":[{"id":1832,"href":"https:\/\/www.plaveckyhrad.eu\/en\/wp-json\/wp\/v2\/pages\/1214\/revisions\/1832"}],"up":[{"embeddable":true,"href":"https:\/\/www.plaveckyhrad.eu\/en\/wp-json\/wp\/v2\/pages\/1206"}],"wp:attachment":[{"href":"https:\/\/www.plaveckyhrad.eu\/en\/wp-json\/wp\/v2\/media?parent=1214"}],"curies":[{"name":"wp","href":"https:\/\/api.w.org\/{rel}","templated":true}]}}